{"id":12,"date":"2015-02-23T20:20:01","date_gmt":"2015-02-23T19:20:01","guid":{"rendered":"http:\/\/www.atelje-iris.si\/?page_id=12"},"modified":"2015-02-23T20:20:01","modified_gmt":"2015-02-23T19:20:01","slug":"prireditve","status":"publish","type":"page","link":"https:\/\/atelje-iris.si\/new\/prireditve\/","title":{"rendered":"Prireditve"},"content":{"rendered":"<figure id=\"attachment_100\" aria-describedby=\"caption-attachment-100\" style=\"width: 201px\" class=\"wp-caption alignnone\"><a href=\"https:\/\/atelje-iris.si\/new\/wp-content\/uploads\/2017\/11\/AI3_0055.jpg\"><img loading=\"lazy\" decoding=\"async\" class=\"wp-image-100 size-medium\" src=\"https:\/\/atelje-iris.si\/new\/wp-content\/uploads\/2017\/11\/AI3_0055-201x300.jpg\" alt=\"\" width=\"201\" height=\"300\" srcset=\"https:\/\/atelje-iris.si\/new\/wp-content\/uploads\/2017\/11\/AI3_0055-201x300.jpg 201w, https:\/\/atelje-iris.si\/new\/wp-content\/uploads\/2017\/11\/AI3_0055-687x1024.jpg 687w, https:\/\/atelje-iris.si\/new\/wp-content\/uploads\/2017\/11\/AI3_0055-768x1144.jpg 768w, https:\/\/atelje-iris.si\/new\/wp-content\/uploads\/2017\/11\/AI3_0055-1031x1536.jpg 1031w, https:\/\/atelje-iris.si\/new\/wp-content\/uploads\/2017\/11\/AI3_0055-700x1043.jpg 700w, https:\/\/atelje-iris.si\/new\/wp-content\/uploads\/2017\/11\/AI3_0055-332x495.jpg 332w, https:\/\/atelje-iris.si\/new\/wp-content\/uploads\/2017\/11\/AI3_0055.jpg 1205w\" sizes=\"auto, (max-width: 201px) 100vw, 201px\" \/><\/a><figcaption id=\"caption-attachment-100\" class=\"wp-caption-text\">Otvoritev kro\u017ei\u0161\u010da, Ko\u010devje, 20.10.2017<\/figcaption><\/figure>\n<p><a href=\"https:\/\/atelje-iris.si\/new\/wp-content\/uploads\/2018\/03\/AI3_3874.jpg\"><img loading=\"lazy\" decoding=\"async\" class=\"alignnone size-medium wp-image-119\" src=\"https:\/\/atelje-iris.si\/new\/wp-content\/uploads\/2018\/03\/AI3_3874-300x201.jpg\" alt=\"\" width=\"300\" height=\"201\" srcset=\"https:\/\/atelje-iris.si\/new\/wp-content\/uploads\/2018\/03\/AI3_3874-300x201.jpg 300w, https:\/\/atelje-iris.si\/new\/wp-content\/uploads\/2018\/03\/AI3_3874-1024x687.jpg 1024w, https:\/\/atelje-iris.si\/new\/wp-content\/uploads\/2018\/03\/AI3_3874-768x516.jpg 768w, https:\/\/atelje-iris.si\/new\/wp-content\/uploads\/2018\/03\/AI3_3874-1536x1031.jpg 1536w, https:\/\/atelje-iris.si\/new\/wp-content\/uploads\/2018\/03\/AI3_3874-700x470.jpg 700w, https:\/\/atelje-iris.si\/new\/wp-content\/uploads\/2018\/03\/AI3_3874-332x223.jpg 332w, https:\/\/atelje-iris.si\/new\/wp-content\/uploads\/2018\/03\/AI3_3874.jpg 1795w\" sizes=\"auto, (max-width: 300px) 100vw, 300px\" \/><\/a><a href=\"https:\/\/atelje-iris.si\/new\/wp-content\/uploads\/2018\/03\/AI3_3918.jpg\"><img loading=\"lazy\" decoding=\"async\" class=\"alignnone size-medium wp-image-120\" src=\"https:\/\/atelje-iris.si\/new\/wp-content\/uploads\/2018\/03\/AI3_3918-300x201.jpg\" alt=\"\" width=\"300\" height=\"201\" srcset=\"https:\/\/atelje-iris.si\/new\/wp-content\/uploads\/2018\/03\/AI3_3918-300x201.jpg 300w, https:\/\/atelje-iris.si\/new\/wp-content\/uploads\/2018\/03\/AI3_3918-1024x687.jpg 1024w, https:\/\/atelje-iris.si\/new\/wp-content\/uploads\/2018\/03\/AI3_3918-768x516.jpg 768w, https:\/\/atelje-iris.si\/new\/wp-content\/uploads\/2018\/03\/AI3_3918-1536x1031.jpg 1536w, https:\/\/atelje-iris.si\/new\/wp-content\/uploads\/2018\/03\/AI3_3918-700x470.jpg 700w, https:\/\/atelje-iris.si\/new\/wp-content\/uploads\/2018\/03\/AI3_3918-332x223.jpg 332w, https:\/\/atelje-iris.si\/new\/wp-content\/uploads\/2018\/03\/AI3_3918.jpg 1795w\" sizes=\"auto, (max-width: 300px) 100vw, 300px\" \/><\/a><a href=\"https:\/\/atelje-iris.si\/new\/wp-content\/uploads\/2018\/03\/AI3_3942.jpg\"><img loading=\"lazy\" decoding=\"async\" class=\"alignnone size-medium wp-image-121\" src=\"https:\/\/atelje-iris.si\/new\/wp-content\/uploads\/2018\/03\/AI3_3942-300x201.jpg\" alt=\"\" width=\"300\" height=\"201\" srcset=\"https:\/\/atelje-iris.si\/new\/wp-content\/uploads\/2018\/03\/AI3_3942-300x201.jpg 300w, https:\/\/atelje-iris.si\/new\/wp-content\/uploads\/2018\/03\/AI3_3942-1024x687.jpg 1024w, https:\/\/atelje-iris.si\/new\/wp-content\/uploads\/2018\/03\/AI3_3942-768x516.jpg 768w, https:\/\/atelje-iris.si\/new\/wp-content\/uploads\/2018\/03\/AI3_3942-1536x1031.jpg 1536w, https:\/\/atelje-iris.si\/new\/wp-content\/uploads\/2018\/03\/AI3_3942-700x470.jpg 700w, https:\/\/atelje-iris.si\/new\/wp-content\/uploads\/2018\/03\/AI3_3942-332x223.jpg 332w, https:\/\/atelje-iris.si\/new\/wp-content\/uploads\/2018\/03\/AI3_3942.jpg 1795w\" sizes=\"auto, (max-width: 300px) 100vw, 300px\" \/><\/a><a href=\"https:\/\/atelje-iris.si\/new\/wp-content\/uploads\/2018\/03\/AI3_4005.jpg\"><img loading=\"lazy\" decoding=\"async\" class=\"alignnone size-medium wp-image-122\" src=\"https:\/\/atelje-iris.si\/new\/wp-content\/uploads\/2018\/03\/AI3_4005-300x201.jpg\" alt=\"\" width=\"300\" height=\"201\" srcset=\"https:\/\/atelje-iris.si\/new\/wp-content\/uploads\/2018\/03\/AI3_4005-300x201.jpg 300w, https:\/\/atelje-iris.si\/new\/wp-content\/uploads\/2018\/03\/AI3_4005-1024x687.jpg 1024w, https:\/\/atelje-iris.si\/new\/wp-content\/uploads\/2018\/03\/AI3_4005-768x516.jpg 768w, https:\/\/atelje-iris.si\/new\/wp-content\/uploads\/2018\/03\/AI3_4005-1536x1031.jpg 1536w, https:\/\/atelje-iris.si\/new\/wp-content\/uploads\/2018\/03\/AI3_4005-700x470.jpg 700w, https:\/\/atelje-iris.si\/new\/wp-content\/uploads\/2018\/03\/AI3_4005-332x223.jpg 332w, https:\/\/atelje-iris.si\/new\/wp-content\/uploads\/2018\/03\/AI3_4005.jpg 1795w\" sizes=\"auto, (max-width: 300px) 100vw, 300px\" \/><\/a><a href=\"https:\/\/atelje-iris.si\/new\/wp-content\/uploads\/2018\/03\/AI3_4238.jpg\"><img loading=\"lazy\" decoding=\"async\" class=\"alignnone size-medium wp-image-123\" src=\"https:\/\/atelje-iris.si\/new\/wp-content\/uploads\/2018\/03\/AI3_4238-201x300.jpg\" alt=\"\" width=\"201\" height=\"300\" srcset=\"https:\/\/atelje-iris.si\/new\/wp-content\/uploads\/2018\/03\/AI3_4238-201x300.jpg 201w, https:\/\/atelje-iris.si\/new\/wp-content\/uploads\/2018\/03\/AI3_4238-687x1024.jpg 687w, https:\/\/atelje-iris.si\/new\/wp-content\/uploads\/2018\/03\/AI3_4238-768x1144.jpg 768w, https:\/\/atelje-iris.si\/new\/wp-content\/uploads\/2018\/03\/AI3_4238-1031x1536.jpg 1031w, https:\/\/atelje-iris.si\/new\/wp-content\/uploads\/2018\/03\/AI3_4238-700x1043.jpg 700w, https:\/\/atelje-iris.si\/new\/wp-content\/uploads\/2018\/03\/AI3_4238-332x495.jpg 332w, https:\/\/atelje-iris.si\/new\/wp-content\/uploads\/2018\/03\/AI3_4238.jpg 1205w\" sizes=\"auto, (max-width: 201px) 100vw, 201px\" \/><\/a><a href=\"https:\/\/atelje-iris.si\/new\/wp-content\/uploads\/2018\/03\/AI3_4297.jpg\"><img loading=\"lazy\" decoding=\"async\" class=\"alignnone size-medium wp-image-124\" src=\"https:\/\/atelje-iris.si\/new\/wp-content\/uploads\/2018\/03\/AI3_4297-300x201.jpg\" alt=\"\" width=\"300\" height=\"201\" srcset=\"https:\/\/atelje-iris.si\/new\/wp-content\/uploads\/2018\/03\/AI3_4297-300x201.jpg 300w, https:\/\/atelje-iris.si\/new\/wp-content\/uploads\/2018\/03\/AI3_4297-1024x687.jpg 1024w, https:\/\/atelje-iris.si\/new\/wp-content\/uploads\/2018\/03\/AI3_4297-768x516.jpg 768w, https:\/\/atelje-iris.si\/new\/wp-content\/uploads\/2018\/03\/AI3_4297-1536x1031.jpg 1536w, https:\/\/atelje-iris.si\/new\/wp-content\/uploads\/2018\/03\/AI3_4297-700x470.jpg 700w, https:\/\/atelje-iris.si\/new\/wp-content\/uploads\/2018\/03\/AI3_4297-332x223.jpg 332w, https:\/\/atelje-iris.si\/new\/wp-content\/uploads\/2018\/03\/AI3_4297.jpg 1795w\" sizes=\"auto, (max-width: 300px) 100vw, 300px\" \/><\/a><\/p>\n<figure id=\"attachment_117\" aria-describedby=\"caption-attachment-117\" style=\"width: 300px\" class=\"wp-caption alignnone\"><a href=\"https:\/\/atelje-iris.si\/new\/wp-content\/uploads\/2018\/03\/AI3_3804.jpg\"><img loading=\"lazy\" decoding=\"async\" class=\"size-medium wp-image-117\" src=\"https:\/\/atelje-iris.si\/new\/wp-content\/uploads\/2018\/03\/AI3_3804-300x201.jpg\" alt=\"\" width=\"300\" height=\"201\" srcset=\"https:\/\/atelje-iris.si\/new\/wp-content\/uploads\/2018\/03\/AI3_3804-300x201.jpg 300w, https:\/\/atelje-iris.si\/new\/wp-content\/uploads\/2018\/03\/AI3_3804-1024x687.jpg 1024w, https:\/\/atelje-iris.si\/new\/wp-content\/uploads\/2018\/03\/AI3_3804-768x516.jpg 768w, https:\/\/atelje-iris.si\/new\/wp-content\/uploads\/2018\/03\/AI3_3804-1536x1031.jpg 1536w, https:\/\/atelje-iris.si\/new\/wp-content\/uploads\/2018\/03\/AI3_3804-700x470.jpg 700w, https:\/\/atelje-iris.si\/new\/wp-content\/uploads\/2018\/03\/AI3_3804-332x223.jpg 332w, https:\/\/atelje-iris.si\/new\/wp-content\/uploads\/2018\/03\/AI3_3804.jpg 1795w\" sizes=\"auto, (max-width: 300px) 100vw, 300px\" \/><\/a><figcaption id=\"caption-attachment-117\" class=\"wp-caption-text\">RTM 2.2.2018<\/figcaption><\/figure>\n<p><a href=\"https:\/\/atelje-iris.si\/new\/wp-content\/uploads\/2017\/11\/AI3_0087.jpg\"><img loading=\"lazy\" decoding=\"async\" class=\"alignnone size-medium wp-image-102\" src=\"https:\/\/atelje-iris.si\/new\/wp-content\/uploads\/2017\/11\/AI3_0087-201x300.jpg\" alt=\"\" width=\"201\" height=\"300\" srcset=\"https:\/\/atelje-iris.si\/new\/wp-content\/uploads\/2017\/11\/AI3_0087-201x300.jpg 201w, https:\/\/atelje-iris.si\/new\/wp-content\/uploads\/2017\/11\/AI3_0087-687x1024.jpg 687w, https:\/\/atelje-iris.si\/new\/wp-content\/uploads\/2017\/11\/AI3_0087-768x1144.jpg 768w, https:\/\/atelje-iris.si\/new\/wp-content\/uploads\/2017\/11\/AI3_0087-1031x1536.jpg 1031w, https:\/\/atelje-iris.si\/new\/wp-content\/uploads\/2017\/11\/AI3_0087-700x1043.jpg 700w, https:\/\/atelje-iris.si\/new\/wp-content\/uploads\/2017\/11\/AI3_0087-332x495.jpg 332w, https:\/\/atelje-iris.si\/new\/wp-content\/uploads\/2017\/11\/AI3_0087.jpg 1205w\" sizes=\"auto, (max-width: 201px) 100vw, 201px\" \/><\/a><a href=\"https:\/\/atelje-iris.si\/new\/wp-content\/uploads\/2017\/11\/AI3_0058.jpg\"><img loading=\"lazy\" decoding=\"async\" class=\"alignnone size-medium wp-image-101\" src=\"https:\/\/atelje-iris.si\/new\/wp-content\/uploads\/2017\/11\/AI3_0058-300x201.jpg\" alt=\"\" width=\"300\" height=\"201\" srcset=\"https:\/\/atelje-iris.si\/new\/wp-content\/uploads\/2017\/11\/AI3_0058-300x201.jpg 300w, https:\/\/atelje-iris.si\/new\/wp-content\/uploads\/2017\/11\/AI3_0058-1024x687.jpg 1024w, https:\/\/atelje-iris.si\/new\/wp-content\/uploads\/2017\/11\/AI3_0058-768x516.jpg 768w, https:\/\/atelje-iris.si\/new\/wp-content\/uploads\/2017\/11\/AI3_0058-1536x1031.jpg 1536w, https:\/\/atelje-iris.si\/new\/wp-content\/uploads\/2017\/11\/AI3_0058-700x470.jpg 700w, https:\/\/atelje-iris.si\/new\/wp-content\/uploads\/2017\/11\/AI3_0058-332x223.jpg 332w, https:\/\/atelje-iris.si\/new\/wp-content\/uploads\/2017\/11\/AI3_0058.jpg 1795w\" sizes=\"auto, (max-width: 300px) 100vw, 300px\" \/><\/a><a href=\"https:\/\/atelje-iris.si\/new\/wp-content\/uploads\/2017\/11\/AI3_0089.jpg\"><img loading=\"lazy\" decoding=\"async\" class=\"alignnone size-medium wp-image-103\" src=\"https:\/\/atelje-iris.si\/new\/wp-content\/uploads\/2017\/11\/AI3_0089-201x300.jpg\" alt=\"\" width=\"201\" height=\"300\" srcset=\"https:\/\/atelje-iris.si\/new\/wp-content\/uploads\/2017\/11\/AI3_0089-201x300.jpg 201w, https:\/\/atelje-iris.si\/new\/wp-content\/uploads\/2017\/11\/AI3_0089-687x1024.jpg 687w, https:\/\/atelje-iris.si\/new\/wp-content\/uploads\/2017\/11\/AI3_0089-768x1144.jpg 768w, https:\/\/atelje-iris.si\/new\/wp-content\/uploads\/2017\/11\/AI3_0089-1031x1536.jpg 1031w, https:\/\/atelje-iris.si\/new\/wp-content\/uploads\/2017\/11\/AI3_0089-700x1043.jpg 700w, https:\/\/atelje-iris.si\/new\/wp-content\/uploads\/2017\/11\/AI3_0089-332x495.jpg 332w, https:\/\/atelje-iris.si\/new\/wp-content\/uploads\/2017\/11\/AI3_0089.jpg 1205w\" sizes=\"auto, (max-width: 201px) 100vw, 201px\" \/><\/a><a href=\"https:\/\/atelje-iris.si\/new\/wp-content\/uploads\/2017\/11\/AI3_0099.jpg\"><img loading=\"lazy\" decoding=\"async\" class=\"alignnone size-medium wp-image-105\" src=\"https:\/\/atelje-iris.si\/new\/wp-content\/uploads\/2017\/11\/AI3_0099-300x201.jpg\" alt=\"\" width=\"300\" height=\"201\" srcset=\"https:\/\/atelje-iris.si\/new\/wp-content\/uploads\/2017\/11\/AI3_0099-300x201.jpg 300w, https:\/\/atelje-iris.si\/new\/wp-content\/uploads\/2017\/11\/AI3_0099-1024x687.jpg 1024w, https:\/\/atelje-iris.si\/new\/wp-content\/uploads\/2017\/11\/AI3_0099-768x516.jpg 768w, https:\/\/atelje-iris.si\/new\/wp-content\/uploads\/2017\/11\/AI3_0099-1536x1031.jpg 1536w, https:\/\/atelje-iris.si\/new\/wp-content\/uploads\/2017\/11\/AI3_0099-700x470.jpg 700w, https:\/\/atelje-iris.si\/new\/wp-content\/uploads\/2017\/11\/AI3_0099-332x223.jpg 332w, https:\/\/atelje-iris.si\/new\/wp-content\/uploads\/2017\/11\/AI3_0099.jpg 1795w\" sizes=\"auto, (max-width: 300px) 100vw, 300px\" \/><\/a>\t\t<\/p>\n","protected":false},"excerpt":{"rendered":"","protected":false},"author":1,"featured_media":100,"parent":0,"menu_order":0,"comment_status":"closed","ping_status":"closed","template":"","meta":{"footnotes":""},"class_list":["post-12","page","type-page","status-publish","has-post-thumbnail","hentry","column","twocol","has-thumbnail"],"_links":{"self":[{"href":"https:\/\/atelje-iris.si\/new\/wp-json\/wp\/v2\/pages\/12","targetHints":{"allow":["GET"]}}],"collection":[{"href":"https:\/\/atelje-iris.si\/new\/wp-json\/wp\/v2\/pages"}],"about":[{"href":"https:\/\/atelje-iris.si\/new\/wp-json\/wp\/v2\/types\/page"}],"author":[{"embeddable":true,"href":"https:\/\/atelje-iris.si\/new\/wp-json\/wp\/v2\/users\/1"}],"replies":[{"embeddable":true,"href":"https:\/\/atelje-iris.si\/new\/wp-json\/wp\/v2\/comments?post=12"}],"version-history":[{"count":0,"href":"https:\/\/atelje-iris.si\/new\/wp-json\/wp\/v2\/pages\/12\/revisions"}],"wp:featuredmedia":[{"embeddable":true,"href":"https:\/\/atelje-iris.si\/new\/wp-json\/wp\/v2\/media\/100"}],"wp:attachment":[{"href":"https:\/\/atelje-iris.si\/new\/wp-json\/wp\/v2\/media?parent=12"}],"curies":[{"name":"wp","href":"https:\/\/api.w.org\/{rel}","templated":true}]}}