{"id":126,"date":"2015-02-23T20:17:24","date_gmt":"2015-02-23T19:17:24","guid":{"rendered":"http:\/\/www.atelje-iris.si\/?page_id=4"},"modified":"2015-02-23T20:17:24","modified_gmt":"2015-02-23T19:17:24","slug":"domov","status":"publish","type":"page","link":"https:\/\/atelje-iris.si\/new\/","title":{"rendered":"Atelje"},"content":{"rendered":"<p>\t\t\t\tObvestilo: Cenjene stranke obve\u0161\u010damo, da delamo OB SOBOTAH samo po predhodnem NARO\u010cILU za razli\u010dne dogodke.<\/p>\n<ul>\n<li>fotografiramo za dokumente ( 6 fotografij in potrdilo E-fotograf v 3 minutah)<\/li>\n<li>izdelujemo fotografije iz va\u0161ih posnetkov (digitalna oblika do 20 fotografij v eni uri)<\/li>\n<li>obnovimo stare fotografije<\/li>\n<li>portretiramo otroke, odrasle, dru\u017eine<\/li>\n<li>fotografiramo dogodke (obletnice, prireditve, \u2026)<\/li>\n<li>fotografiramo poroke\n<ul>\n<li>pester izbor okvirjev za vse okuse<\/li>\n<li>albume za fotografije, znamke<\/li>\n<\/ul>\n<p>veliko razli\u010dnih vrst baterij<\/li>\n<\/ul>\n","protected":false},"excerpt":{"rendered":"<p>Obvestilo: Cenjene stranke obve\u0161\u010damo, da delamo OB SOBOTAH samo po predhodnem NARO\u010cILU za razli\u010dne dogodke. fotografiramo za dokumente ( 6 fotografij in potrdilo E-fotograf v 3 minutah) izdelujemo fotografije iz va\u0161ih posnetkov (digitalna oblika do 20 fotografij v eni uri) obnovimo stare fotografije portretiramo otroke, odrasle, dru\u017eine fotografiramo dogodke (obletnice, &#8230;<\/p>\n","protected":false},"author":1,"featured_media":0,"parent":0,"menu_order":0,"comment_status":"closed","ping_status":"closed","template":"","meta":{"footnotes":""},"class_list":["post-126","page","type-page","status-publish","hentry","column","twocol"],"_links":{"self":[{"href":"https:\/\/atelje-iris.si\/new\/wp-json\/wp\/v2\/pages\/126","targetHints":{"allow":["GET"]}}],"collection":[{"href":"https:\/\/atelje-iris.si\/new\/wp-json\/wp\/v2\/pages"}],"about":[{"href":"https:\/\/atelje-iris.si\/new\/wp-json\/wp\/v2\/types\/page"}],"author":[{"embeddable":true,"href":"https:\/\/atelje-iris.si\/new\/wp-json\/wp\/v2\/users\/1"}],"replies":[{"embeddable":true,"href":"https:\/\/atelje-iris.si\/new\/wp-json\/wp\/v2\/comments?post=126"}],"version-history":[{"count":0,"href":"https:\/\/atelje-iris.si\/new\/wp-json\/wp\/v2\/pages\/126\/revisions"}],"wp:attachment":[{"href":"https:\/\/atelje-iris.si\/new\/wp-json\/wp\/v2\/media?parent=126"}],"curies":[{"name":"wp","href":"https:\/\/api.w.org\/{rel}","templated":true}]}}