{"id":20,"date":"2015-02-23T20:21:00","date_gmt":"2015-02-23T19:21:00","guid":{"rendered":"http:\/\/www.atelje-iris.si\/?page_id=20"},"modified":"2015-02-23T20:21:00","modified_gmt":"2015-02-23T19:21:00","slug":"o-nas","status":"publish","type":"page","link":"https:\/\/atelje-iris.si\/new\/o-nas\/","title":{"rendered":"O nas"},"content":{"rendered":"<p>\t\t\t\tAtelje Iris, Iris \u0160tefani\u010d s.p., Livold 46, 1330 Ko\u010devje, Poslovalnica Ljubljanska cesta 5,<\/p>\n<p>GSM: 040 755 986 \u2013 Iris, 040 701 949 \u2013 Bojan, Tel.: 08 385 91 11<\/p>\n<p>info@atelje-iris.si<\/p>\n<p>Delovni \u010das: pon-pet. 8:00-13:30 in 16:00-18:00 ;sob po predhodnem naro\u010dilu\t\t<\/p>\n","protected":false},"excerpt":{"rendered":"<p>Atelje Iris, Iris \u0160tefani\u010d s.p., Livold 46, 1330 Ko\u010devje, Poslovalnica Ljubljanska cesta 5, GSM: 040 755 986 \u2013 Iris, 040 701 949 \u2013 Bojan, Tel.: 08 385 91 11 info@atelje-iris.si Delovni \u010das: pon-pet. 8:00-13:30 in 16:00-18:00 ;sob po predhodnem naro\u010dilu<\/p>\n","protected":false},"author":1,"featured_media":0,"parent":0,"menu_order":0,"comment_status":"closed","ping_status":"closed","template":"","meta":{"footnotes":""},"class_list":["post-20","page","type-page","status-publish","hentry","column","twocol"],"_links":{"self":[{"href":"https:\/\/atelje-iris.si\/new\/wp-json\/wp\/v2\/pages\/20","targetHints":{"allow":["GET"]}}],"collection":[{"href":"https:\/\/atelje-iris.si\/new\/wp-json\/wp\/v2\/pages"}],"about":[{"href":"https:\/\/atelje-iris.si\/new\/wp-json\/wp\/v2\/types\/page"}],"author":[{"embeddable":true,"href":"https:\/\/atelje-iris.si\/new\/wp-json\/wp\/v2\/users\/1"}],"replies":[{"embeddable":true,"href":"https:\/\/atelje-iris.si\/new\/wp-json\/wp\/v2\/comments?post=20"}],"version-history":[{"count":0,"href":"https:\/\/atelje-iris.si\/new\/wp-json\/wp\/v2\/pages\/20\/revisions"}],"wp:attachment":[{"href":"https:\/\/atelje-iris.si\/new\/wp-json\/wp\/v2\/media?parent=20"}],"curies":[{"name":"wp","href":"https:\/\/api.w.org\/{rel}","templated":true}]}}